{"id":1536,"date":"2021-08-17T15:45:03","date_gmt":"2021-08-17T13:45:03","guid":{"rendered":"https:\/\/biogo.pl/blog\/?page_id=1536"},"modified":"2024-12-10T21:31:01","modified_gmt":"2024-12-10T20:31:01","slug":"poznajmy-sie","status":"publish","type":"page","link":"https:\/\/biogo.pl/blog\/poznajmy-sie\/","title":{"rendered":"Poznajmy si\u0119"},"content":{"rendered":"<div id=\"tdi_1\" class=\"tdc-zone\"><div class=\"tdc_zone tdi_2  wpb_row td-pb-row\"  >\n<style scoped>\n\n\/* custom css *\/\n.tdi_2{\r\n                    min-height: 0;\r\n                }\n<\/style><div id=\"tdi_3\" class=\"tdc-row\"><div class=\"vc_row tdi_4  wpb_row td-pb-row\" >\n<style scoped>\n\n\/* custom css *\/\n.tdi_4,\r\n                .tdi_4 .tdc-columns{\r\n                    min-height: 0;\r\n                }.tdi_4,\r\n\t\t\t\t.tdi_4 .tdc-columns{\r\n\t\t\t\t    display: block;\r\n\t\t\t\t}.tdi_4 .tdc-columns{\r\n\t\t\t\t    width: 100%;\r\n\t\t\t\t}\n<\/style><div class=\"vc_column tdi_6  wpb_column vc_column_container tdc-column td-pb-span6\">\n<style scoped>\n\n\/* custom css *\/\n.tdi_6{\r\n                    vertical-align: baseline;\r\n                }.tdi_6 > .wpb_wrapper,\r\n\t\t\t\t.tdi_6 > .wpb_wrapper > .tdc-elements{\r\n\t\t\t\t    display: block;\r\n\t\t\t\t}.tdi_6 > .wpb_wrapper > .tdc-elements{\r\n\t\t\t\t    width: 100%;\r\n\t\t\t\t}.tdi_6 > .wpb_wrapper > .vc_row_inner{\r\n\t\t\t\t    width: auto;\r\n\t\t\t\t}.tdi_6 > .wpb_wrapper{\r\n\t\t\t\t    width: auto;\r\n\t\t\t\t    height: auto;\r\n\t\t\t\t}\n<\/style><div class=\"wpb_wrapper\"><div class=\"wpb_wrapper td_block_empty_space td_block_wrap vc_empty_space tdi_8 \"  style=\"height: 32px\"><\/div><div class=\"td_block_wrap td_block_authors tdi_9 td_top_authors td-pb-border-top td_block_template_1\"  data-td-block-uid=\"tdi_9\" >\n<style>\n\/* custom css *\/\n.td_top_authors{\r\n                    margin-bottom: 64px;\r\n                }.td_top_authors img{\r\n                    position: absolute;\r\n                    max-width: 70px;\r\n                    left: 0;\r\n                }.td_top_authors .item-details{\r\n                    margin-left: 85px;\r\n                    position: relative;\r\n                    height: 70px;\r\n                    top: 1px;\r\n                }.td_top_authors .item-details span{\r\n                    font-family: 'Open Sans', arial, sans-serif;\r\n                    padding: 3px 7px;\r\n                    color: #fff;\r\n                    font-size: 9px;\r\n                    font-style: normal;\r\n                    font-weight: bold;\r\n                    margin-right: 5px;\r\n                }.td_top_authors .td-active .td-author-post-count{\r\n                    background-color: #4db2ec;\r\n                }.td_top_authors .td-active .td-author-comments-count{\r\n                    background-color: #4db2ec;\r\n                    opacity: 0.8;\r\n                }.td_top_authors .td-active .td-authors-name a{\r\n                    color: #4db2ec;\r\n                }.td_top_authors .td_mod_wrap{\r\n                    min-height: 70px;\r\n                    padding-top: 9px;\r\n                    padding-bottom: 9px;\r\n                    border: 1px solid #fff;\r\n                }.td_top_authors .td_mod_wrap:hover{\r\n                    border: 1px solid #ededed;\r\n                }.td_top_authors .td_mod_wrap:hover .td-author-post-count{\r\n                    background-color: #4db2ec;\r\n                }.td_top_authors .td_mod_wrap:hover .td-author-comments-count{\r\n                    background-color: #4db2ec;\r\n                    opacity: 0.8;\r\n                }.td_top_authors .td_mod_wrap:hover .td-authors-name a{\r\n                    color: #4db2ec;\r\n                }.td_top_authors .block-title{\r\n                    margin-bottom: 16px;\r\n                }.td_top_authors .td-authors-url{\r\n                    display: table;\r\n                    position: relative;\r\n                    top: -2px;\r\n                    white-space: nowrap;\r\n                    overflow: hidden;\r\n                    text-overflow: ellipsis;\r\n                    color: #999;\r\n                }.td_top_authors .td-authors-url a{\r\n                    color: #999;\r\n                    font-family: Verdana, Geneva, sans-serif;\r\n                    font-size: 11px;\r\n                    font-style: italic;\r\n                }.td_top_authors .td-authors-name a{\r\n                    padding-bottom: 4px;\r\n                    font-family: 'Open Sans', arial, sans-serif;\r\n                    font-size: 15px;\r\n                    color: #222;\r\n                    line-height: 18px;\r\n                    font-weight: 600;\r\n                    display: inline-block;\r\n                }.td_top_authors .td-authors-name a:after{\r\n                    content: '';\r\n                    height: 96px;\r\n                    position: absolute;\r\n                    right: 0;\r\n                    top: -15px;\r\n                    width: 324px;\r\n                }.td_top_authors .td-author-post-count{\r\n                    background-color: #222;\r\n                }.td_top_authors .td-author-comments-count{\r\n                    background-color: #444;\r\n                }@media (min-width: 768px) and (max-width: 1018px) {\r\n                    .td_top_authors img {\r\n                        max-width: 55px;\r\n                    }\r\n                }@media (min-width: 768px) and (max-width: 1018px) {\r\n                    .td_top_authors .item-details {\r\n                        height: 55px;\r\n                        margin-left: 70px;\r\n                    }\r\n                }@media (min-width: 768px) and (max-width: 1018px) {\r\n                    .td_top_authors .td-authors-url {\r\n                        display: none;\r\n                    }\r\n                }@media (min-width: 1019px) and (max-width: 1140px) {\r\n                    .td_top_authors .td-authors-name a:after {\r\n                        width: 300px;\r\n                    }\r\n                }@media (min-width: 768px) and (max-width: 1018px) {\r\n                    .td_top_authors .td-authors-name a:after {\r\n                        width: 228px;\r\n                    }\r\n                }@media (max-width: 767px) {\r\n                    .td_top_authors .td-authors-name a:after {\r\n                        width: 100%;\r\n                    }\r\n                }\n<\/style><div class=\"td_mod_wrap td-pb-padding-side\"><a href=\"https:\/\/biogo.pl/blog\/author\/joanna-penza\/\"><img alt='' src='https:\/\/biogo.pl/blog\/wp-content\/uploads\/2021\/07\/Joanna-Penza-scaled-e1628342698263-70x70.jpg' srcset='https:\/\/biogo.pl/blog\/wp-content\/uploads\/2021\/07\/Joanna-Penza-scaled-e1628342698263-140x140.jpg 2x' class='avatar avatar-70 photo' height='70' width='70' \/><\/a><div class=\"item-details\"><div class=\"td-authors-name\"><a href=\"https:\/\/biogo.pl/blog\/author\/joanna-penza\/\">Joanna Penza Dietetyk<\/a><\/div><span class=\"td-author-post-count\">27 POSTY<\/span><span class=\"td-author-comments-count\">0 KOMENTARZE<\/span><div class=\"td-authors-url\"><a href=\"\"><\/a><\/div><\/div><\/div><div class=\"td_mod_wrap td-pb-padding-side\"><a href=\"https:\/\/biogo.pl/blog\/author\/emil-zielinski\/\"><img alt='' src='https:\/\/biogo.pl/blog\/wp-content\/uploads\/2021\/08\/avatar_user_8_1628019150-250x250-1-70x70.jpg' srcset='https:\/\/biogo.pl/blog\/wp-content\/uploads\/2021\/08\/avatar_user_8_1628019150-250x250-1-140x140.jpg 2x' class='avatar avatar-70 photo' height='70' width='70' \/><\/a><div class=\"item-details\"><div class=\"td-authors-name\"><a href=\"https:\/\/biogo.pl/blog\/author\/emil-zielinski\/\">Mgr Emil Zielinski Dietetyk Kliniczny<\/a><\/div><span class=\"td-author-post-count\">66 POSTY<\/span><span class=\"td-author-comments-count\">0 KOMENTARZE<\/span><div class=\"td-authors-url\"><a href=\"\"><\/a><\/div><\/div><\/div><div class=\"td_mod_wrap td-pb-padding-side\"><a href=\"https:\/\/biogo.pl/blog\/author\/katarzyna-fidor\/\"><img alt='' src='https:\/\/secure.gravatar.com\/avatar\/2e6e910d5d9b223e1e8c204485d644776ae37ec57595b4cf5eaed6c400b988fd?s=70&#038;d=mm&#038;r=g' srcset='https:\/\/secure.gravatar.com\/avatar\/2e6e910d5d9b223e1e8c204485d644776ae37ec57595b4cf5eaed6c400b988fd?s=140&#038;d=mm&#038;r=g 2x' class='avatar avatar-70 photo' height='70' width='70' \/><\/a><div class=\"item-details\"><div class=\"td-authors-name\"><a href=\"https:\/\/biogo.pl/blog\/author\/katarzyna-fidor\/\">Mgr Katarzyna Fidor Dietetyk Kliniczny<\/a><\/div><span class=\"td-author-post-count\">16 POSTY<\/span><span class=\"td-author-comments-count\">0 KOMENTARZE<\/span><div class=\"td-authors-url\"><a href=\"\"><\/a><\/div><\/div><\/div><div class=\"td_mod_wrap td-pb-padding-side\"><a href=\"https:\/\/biogo.pl/blog\/author\/mgr-malgorzata-zawieja\/\"><img alt='' src='https:\/\/biogo.pl/blog\/wp-content\/uploads\/2021\/08\/Gosia-e1628235442904-70x70.jpg' srcset='https:\/\/biogo.pl/blog\/wp-content\/uploads\/2021\/08\/Gosia-e1628235442904-140x140.jpg 2x' class='avatar avatar-70 photo' height='70' width='70' \/><\/a><div class=\"item-details\"><div class=\"td-authors-name\"><a href=\"https:\/\/biogo.pl/blog\/author\/mgr-malgorzata-zawieja\/\">Mgr Malgorzata Zawieja Dietetyk Kliniczny<\/a><\/div><span class=\"td-author-post-count\">183 POSTY<\/span><span class=\"td-author-comments-count\">0 KOMENTARZE<\/span><div class=\"td-authors-url\"><a href=\"\"><\/a><\/div><\/div><\/div><div class=\"td_mod_wrap td-pb-padding-side\"><a href=\"https:\/\/biogo.pl/blog\/author\/patrycja-skorzak-wojtachnio\/\"><img alt='' src='https:\/\/biogo.pl/blog\/wp-content\/uploads\/2021\/12\/118712826_3422209147831076_2567248914710619434_n-70x70.jpg' srcset='https:\/\/biogo.pl/blog\/wp-content\/uploads\/2021\/12\/118712826_3422209147831076_2567248914710619434_n-140x140.jpg 2x' class='avatar avatar-70 photo' height='70' width='70' \/><\/a><div class=\"item-details\"><div class=\"td-authors-name\"><a href=\"https:\/\/biogo.pl/blog\/author\/patrycja-skorzak-wojtachnio\/\">Patrycja Sk\u00f3rzak Wojtachnio<\/a><\/div><span class=\"td-author-post-count\">3 POSTY<\/span><span class=\"td-author-comments-count\">0 KOMENTARZE<\/span><div class=\"td-authors-url\"><a href=\"\"><\/a><\/div><\/div><\/div><div class=\"td_mod_wrap td-pb-padding-side\"><a href=\"https:\/\/biogo.pl/blog\/author\/widoczni\/\"><img alt='' src='https:\/\/secure.gravatar.com\/avatar\/bd95371ee8a6f00bcf73c131e53ca891d8c9734c2e5c59011c867bd432b6ffa7?s=70&#038;d=mm&#038;r=g' srcset='https:\/\/secure.gravatar.com\/avatar\/bd95371ee8a6f00bcf73c131e53ca891d8c9734c2e5c59011c867bd432b6ffa7?s=140&#038;d=mm&#038;r=g 2x' class='avatar avatar-70 photo' height='70' width='70' \/><\/a><div class=\"item-details\"><div class=\"td-authors-name\"><a href=\"https:\/\/biogo.pl/blog\/author\/widoczni\/\">Widoczni Admin<\/a><\/div><span class=\"td-author-post-count\">1 POSTY<\/span><span class=\"td-author-comments-count\">0 KOMENTARZE<\/span><div class=\"td-authors-url\"><a href=\"\"><\/a><\/div><\/div><\/div><\/div><\/div><\/div><div class=\"vc_column tdi_11  wpb_column vc_column_container tdc-column td-pb-span6\">\n<style scoped>\n\n\/* custom css *\/\n.tdi_11{\r\n                    vertical-align: baseline;\r\n                }.tdi_11 > .wpb_wrapper,\r\n\t\t\t\t.tdi_11 > .wpb_wrapper > .tdc-elements{\r\n\t\t\t\t    display: block;\r\n\t\t\t\t}.tdi_11 > .wpb_wrapper > .tdc-elements{\r\n\t\t\t\t    width: 100%;\r\n\t\t\t\t}.tdi_11 > .wpb_wrapper > .vc_row_inner{\r\n\t\t\t\t    width: auto;\r\n\t\t\t\t}.tdi_11 > .wpb_wrapper{\r\n\t\t\t\t    width: auto;\r\n\t\t\t\t    height: auto;\r\n\t\t\t\t}\n<\/style><div class=\"wpb_wrapper\"><div class=\"wpb_wrapper td_block_empty_space td_block_wrap vc_empty_space tdi_13 \"  style=\"height: 32px\"><\/div><div class=\"td_block_wrap td_block_authors tdi_14 td_top_authors td-pb-border-top td_block_template_1\"  data-td-block-uid=\"tdi_14\" ><div class=\"td_mod_wrap td-pb-padding-side\"><a href=\"https:\/\/biogo.pl/blog\/author\/agata-trykacz\/\"><img alt='' src='https:\/\/biogo.pl/blog\/wp-content\/uploads\/2021\/07\/Agata-Trykacz-scaled-70x70.jpg' srcset='https:\/\/biogo.pl/blog\/wp-content\/uploads\/2021\/07\/Agata-Trykacz-scaled-140x140.jpg 2x' class='avatar avatar-70 photo' height='70' width='70' \/><\/a><div class=\"item-details\"><div class=\"td-authors-name\"><a href=\"https:\/\/biogo.pl/blog\/author\/agata-trykacz\/\">Agata Trykacz<\/a><\/div><span class=\"td-author-post-count\">18 POSTY<\/span><span class=\"td-author-comments-count\">0 KOMENTARZE<\/span><div class=\"td-authors-url\"><a href=\"\"><\/a><\/div><\/div><\/div><div class=\"td_mod_wrap td-pb-padding-side\"><a href=\"https:\/\/biogo.pl/blog\/author\/admin\/\"><img alt='' src='https:\/\/biogo.pl/blog\/wp-content\/uploads\/2024\/04\/avatar_user_1_1712735662.png' srcset='https:\/\/biogo.pl/blog\/wp-content\/uploads\/2024\/04\/avatar_user_1_1712735662.png 2x' class='avatar avatar-70 photo' height='70' width='70' \/><\/a><div class=\"item-details\"><div class=\"td-authors-name\"><a href=\"https:\/\/biogo.pl/blog\/author\/admin\/\">Dietetyk Ania<\/a><\/div><span class=\"td-author-post-count\">227 POSTY<\/span><span class=\"td-author-comments-count\">84 KOMENTARZE<\/span><div class=\"td-authors-url\"><a href=\"\"><\/a><\/div><\/div><\/div><div class=\"td_mod_wrap td-pb-padding-side\"><a href=\"https:\/\/biogo.pl/blog\/author\/grzegorz-nowak\/\"><img alt='' src='https:\/\/secure.gravatar.com\/avatar\/e6f7c118400485791cb1936c2f846af6eaafbe78c2b8f57b365ab7687a8cdf12?s=70&#038;d=mm&#038;r=g' srcset='https:\/\/secure.gravatar.com\/avatar\/e6f7c118400485791cb1936c2f846af6eaafbe78c2b8f57b365ab7687a8cdf12?s=140&#038;d=mm&#038;r=g 2x' class='avatar avatar-70 photo' height='70' width='70' \/><\/a><div class=\"item-details\"><div class=\"td-authors-name\"><a href=\"https:\/\/biogo.pl/blog\/author\/grzegorz-nowak\/\">Grzegorz Nowak<\/a><\/div><span class=\"td-author-post-count\">310 POSTY<\/span><span class=\"td-author-comments-count\">0 KOMENTARZE<\/span><div class=\"td-authors-url\"><a href=\"\"><\/a><\/div><\/div><\/div><div class=\"td_mod_wrap td-pb-padding-side\"><a href=\"https:\/\/biogo.pl/blog\/author\/patrycja-skorzak-wojtachnio\/\"><img alt='' src='https:\/\/biogo.pl/blog\/wp-content\/uploads\/2021\/12\/118712826_3422209147831076_2567248914710619434_n-70x70.jpg' srcset='https:\/\/biogo.pl/blog\/wp-content\/uploads\/2021\/12\/118712826_3422209147831076_2567248914710619434_n-140x140.jpg 2x' class='avatar avatar-70 photo' height='70' width='70' \/><\/a><div class=\"item-details\"><div class=\"td-authors-name\"><a href=\"https:\/\/biogo.pl/blog\/author\/patrycja-skorzak-wojtachnio\/\">Patrycja Sk\u00f3rzak Wojtachnio<\/a><\/div><span class=\"td-author-post-count\">3 POSTY<\/span><span class=\"td-author-comments-count\">0 KOMENTARZE<\/span><div class=\"td-authors-url\"><a href=\"\"><\/a><\/div><\/div><\/div><div class=\"td_mod_wrap td-pb-padding-side\"><a href=\"https:\/\/biogo.pl/blog\/author\/widoczni\/\"><img alt='' src='https:\/\/secure.gravatar.com\/avatar\/bd95371ee8a6f00bcf73c131e53ca891d8c9734c2e5c59011c867bd432b6ffa7?s=70&#038;d=mm&#038;r=g' srcset='https:\/\/secure.gravatar.com\/avatar\/bd95371ee8a6f00bcf73c131e53ca891d8c9734c2e5c59011c867bd432b6ffa7?s=140&#038;d=mm&#038;r=g 2x' class='avatar avatar-70 photo' height='70' width='70' \/><\/a><div class=\"item-details\"><div class=\"td-authors-name\"><a href=\"https:\/\/biogo.pl/blog\/author\/widoczni\/\">Widoczni Admin<\/a><\/div><span class=\"td-author-post-count\">1 POSTY<\/span><span class=\"td-author-comments-count\">0 KOMENTARZE<\/span><div class=\"td-authors-url\"><a href=\"\"><\/a><\/div><\/div><\/div><\/div><\/div><\/div><\/div><\/div><\/div><\/div>","protected":false},"excerpt":{"rendered":"","protected":false},"author":1,"featured_media":0,"parent":0,"menu_order":0,"comment_status":"closed","ping_status":"closed","template":"","meta":{"footnotes":""},"class_list":["post-1536","page","type-page","status-publish"],"yoast_head":"<!-- This site is optimized with the Yoast SEO plugin v27.3 - https:\/\/yoast.com\/product\/yoast-seo-wordpress\/ -->\n<title>Poznajmy si\u0119 - Dowiedz si\u0119 na czym polega ekologia i co mo\u017cesz zmieni\u0107, by \u017cy\u0107 w zgodzie z natur\u0105<\/title>\n<meta name=\"robots\" content=\"noindex, follow\" \/>\n<meta property=\"og:locale\" content=\"pl_PL\" \/>\n<meta property=\"og:type\" content=\"article\" \/>\n<meta property=\"og:title\" content=\"Poznajmy si\u0119 - Dowiedz si\u0119 na czym polega ekologia i co mo\u017cesz zmieni\u0107, by \u017cy\u0107 w zgodzie z natur\u0105\" \/>\n<meta property=\"og:url\" content=\"https:\/\/biogo.pl/blog\/poznajmy-sie\/\" \/>\n<meta property=\"og:site_name\" content=\"Dowiedz si\u0119 na czym polega ekologia i co mo\u017cesz zmieni\u0107, by \u017cy\u0107 w zgodzie z natur\u0105\" \/>\n<meta property=\"article:modified_time\" content=\"2024-12-10T20:31:01+00:00\" \/>\n<meta name=\"twitter:card\" content=\"summary_large_image\" \/>\n<meta name=\"twitter:label1\" content=\"Szacowany czas czytania\" \/>\n\t<meta name=\"twitter:data1\" content=\"1 minuta\" \/>\n<script type=\"application\/ld+json\" class=\"yoast-schema-graph\">{\"@context\":\"https:\\\/\\\/schema.org\",\"@graph\":[{\"@type\":\"WebPage\",\"@id\":\"https:\\\/\\\/biogo.pl/blog\\\/poznajmy-sie\\\/\",\"url\":\"https:\\\/\\\/biogo.pl/blog\\\/poznajmy-sie\\\/\",\"name\":\"Poznajmy si\u0119 - Dowiedz si\u0119 na czym polega ekologia i co mo\u017cesz zmieni\u0107, by \u017cy\u0107 w zgodzie z natur\u0105\",\"isPartOf\":{\"@id\":\"https:\\\/\\\/biogo.pl/blog\\\/#website\"},\"datePublished\":\"2021-08-17T13:45:03+00:00\",\"dateModified\":\"2024-12-10T20:31:01+00:00\",\"breadcrumb\":{\"@id\":\"https:\\\/\\\/biogo.pl/blog\\\/poznajmy-sie\\\/#breadcrumb\"},\"inLanguage\":\"pl-PL\",\"potentialAction\":[{\"@type\":\"ReadAction\",\"target\":[\"https:\\\/\\\/biogo.pl/blog\\\/poznajmy-sie\\\/\"]}]},{\"@type\":\"BreadcrumbList\",\"@id\":\"https:\\\/\\\/biogo.pl/blog\\\/poznajmy-sie\\\/#breadcrumb\",\"itemListElement\":[{\"@type\":\"ListItem\",\"position\":1,\"name\":\"Strona g\u0142\u00f3wna\",\"item\":\"https:\\\/\\\/biogo.pl/blog\\\/\"},{\"@type\":\"ListItem\",\"position\":2,\"name\":\"Poznajmy si\u0119\"}]},{\"@type\":\"WebSite\",\"@id\":\"https:\\\/\\\/biogo.pl/blog\\\/#website\",\"url\":\"https:\\\/\\\/biogo.pl/blog\\\/\",\"name\":\"Dowiedz si\u0119 na czym polega ekologia i co mo\u017cesz zmieni\u0107, by \u017cy\u0107 w zgodzie z natur\u0105\",\"description\":\"My i Ziemia to jedno\u015b\u0107, a nasze wybory \u017cywieniowe i podej\u015bcie do \u017cycia mo\u017ce zmienia\u0107 \u015bwiat. Na naszym blogu dowiesz si\u0119, na czym polega ekologia i co mo\u017cesz zmieni\u0107, by \u017cy\u0107 w zgodzie z natur\u0105. Nasi specjali\u015bci w artyku\u0142ach poruszaj\u0105 tematy zwi\u0105zane z dietetyk\u0105, kosmetologi\u0105 oraz rozwiewaj\u0105 w\u0105tpliwo\u015bci dotycz\u0105ce \u017cywno\u015bci i suplement\u00f3w diety.\",\"potentialAction\":[{\"@type\":\"SearchAction\",\"target\":{\"@type\":\"EntryPoint\",\"urlTemplate\":\"https:\\\/\\\/biogo.pl/blog\\\/?s={search_term_string}\"},\"query-input\":{\"@type\":\"PropertyValueSpecification\",\"valueRequired\":true,\"valueName\":\"search_term_string\"}}],\"inLanguage\":\"pl-PL\"}]}<\/script>\n<!-- \/ Yoast SEO plugin. -->","yoast_head_json":{"title":"Poznajmy si\u0119 - Dowiedz si\u0119 na czym polega ekologia i co mo\u017cesz zmieni\u0107, by \u017cy\u0107 w zgodzie z natur\u0105","robots":{"index":"noindex","follow":"follow"},"og_locale":"pl_PL","og_type":"article","og_title":"Poznajmy si\u0119 - Dowiedz si\u0119 na czym polega ekologia i co mo\u017cesz zmieni\u0107, by \u017cy\u0107 w zgodzie z natur\u0105","og_url":"https:\/\/biogo.pl/blog\/poznajmy-sie\/","og_site_name":"Dowiedz si\u0119 na czym polega ekologia i co mo\u017cesz zmieni\u0107, by \u017cy\u0107 w zgodzie z natur\u0105","article_modified_time":"2024-12-10T20:31:01+00:00","twitter_card":"summary_large_image","twitter_misc":{"Szacowany czas czytania":"1 minuta"},"schema":{"@context":"https:\/\/schema.org","@graph":[{"@type":"WebPage","@id":"https:\/\/biogo.pl/blog\/poznajmy-sie\/","url":"https:\/\/biogo.pl/blog\/poznajmy-sie\/","name":"Poznajmy si\u0119 - Dowiedz si\u0119 na czym polega ekologia i co mo\u017cesz zmieni\u0107, by \u017cy\u0107 w zgodzie z natur\u0105","isPartOf":{"@id":"https:\/\/biogo.pl/blog\/#website"},"datePublished":"2021-08-17T13:45:03+00:00","dateModified":"2024-12-10T20:31:01+00:00","breadcrumb":{"@id":"https:\/\/biogo.pl/blog\/poznajmy-sie\/#breadcrumb"},"inLanguage":"pl-PL","potentialAction":[{"@type":"ReadAction","target":["https:\/\/biogo.pl/blog\/poznajmy-sie\/"]}]},{"@type":"BreadcrumbList","@id":"https:\/\/biogo.pl/blog\/poznajmy-sie\/#breadcrumb","itemListElement":[{"@type":"ListItem","position":1,"name":"Strona g\u0142\u00f3wna","item":"https:\/\/biogo.pl/blog\/"},{"@type":"ListItem","position":2,"name":"Poznajmy si\u0119"}]},{"@type":"WebSite","@id":"https:\/\/biogo.pl/blog\/#website","url":"https:\/\/biogo.pl/blog\/","name":"Dowiedz si\u0119 na czym polega ekologia i co mo\u017cesz zmieni\u0107, by \u017cy\u0107 w zgodzie z natur\u0105","description":"My i Ziemia to jedno\u015b\u0107, a nasze wybory \u017cywieniowe i podej\u015bcie do \u017cycia mo\u017ce zmienia\u0107 \u015bwiat. Na naszym blogu dowiesz si\u0119, na czym polega ekologia i co mo\u017cesz zmieni\u0107, by \u017cy\u0107 w zgodzie z natur\u0105. Nasi specjali\u015bci w artyku\u0142ach poruszaj\u0105 tematy zwi\u0105zane z dietetyk\u0105, kosmetologi\u0105 oraz rozwiewaj\u0105 w\u0105tpliwo\u015bci dotycz\u0105ce \u017cywno\u015bci i suplement\u00f3w diety.","potentialAction":[{"@type":"SearchAction","target":{"@type":"EntryPoint","urlTemplate":"https:\/\/biogo.pl/blog\/?s={search_term_string}"},"query-input":{"@type":"PropertyValueSpecification","valueRequired":true,"valueName":"search_term_string"}}],"inLanguage":"pl-PL"}]}},"_links":{"self":[{"href":"https:\/\/biogo.pl/blog\/wp-json\/wp\/v2\/pages\/1536","targetHints":{"allow":["GET"]}}],"collection":[{"href":"https:\/\/biogo.pl/blog\/wp-json\/wp\/v2\/pages"}],"about":[{"href":"https:\/\/biogo.pl/blog\/wp-json\/wp\/v2\/types\/page"}],"author":[{"embeddable":true,"href":"https:\/\/biogo.pl/blog\/wp-json\/wp\/v2\/users\/1"}],"replies":[{"embeddable":true,"href":"https:\/\/biogo.pl/blog\/wp-json\/wp\/v2\/comments?post=1536"}],"version-history":[{"count":14,"href":"https:\/\/biogo.pl/blog\/wp-json\/wp\/v2\/pages\/1536\/revisions"}],"predecessor-version":[{"id":4077,"href":"https:\/\/biogo.pl/blog\/wp-json\/wp\/v2\/pages\/1536\/revisions\/4077"}],"wp:attachment":[{"href":"https:\/\/biogo.pl/blog\/wp-json\/wp\/v2\/media?parent=1536"}],"curies":[{"name":"wp","href":"https:\/\/api.w.org\/{rel}","templated":true}]}}